{"id":904,"date":"2024-02-18T13:51:34","date_gmt":"2024-02-18T11:51:34","guid":{"rendered":"https:\/\/schachclub-nordstad.lu\/?page_id=904"},"modified":"2024-02-18T23:29:28","modified_gmt":"2024-02-18T21:29:28","slug":"cours-c","status":"publish","type":"page","link":"https:\/\/schachclub-nordstad.lu\/?page_id=904","title":{"rendered":"Cours C"},"content":{"rendered":"\t\t<div data-elementor-type=\"wp-page\" data-elementor-id=\"904\" class=\"elementor elementor-904\">\n\t\t\t\t<div class=\"elementor-element elementor-element-531a04f e-flex e-con-boxed e-con e-parent\" data-id=\"531a04f\" data-element_type=\"container\">\n\t\t\t\t\t<div class=\"e-con-inner\">\n\t\t\t\t<div class=\"elementor-element elementor-element-48fba62 elementor-widget elementor-widget-heading\" data-id=\"48fba62\" data-element_type=\"widget\" data-widget_type=\"heading.default\">\n\t\t\t\t<div class=\"elementor-widget-container\">\n\t\t\t\t\t<h2 class=\"elementor-heading-title elementor-size-default\">Quand ? <\/h2>\t\t\t\t<\/div>\n\t\t\t\t<\/div>\n\t\t\t\t\t<\/div>\n\t\t\t\t<\/div>\n\t\t<div class=\"elementor-element elementor-element-5f88b6b e-flex e-con-boxed e-con e-parent\" data-id=\"5f88b6b\" data-element_type=\"container\">\n\t\t\t\t\t<div class=\"e-con-inner\">\n\t\t\t\t<div class=\"elementor-element elementor-element-3e9f321 elementor-widget elementor-widget-text-editor\" data-id=\"3e9f321\" data-element_type=\"widget\" data-widget_type=\"text-editor.default\">\n\t\t\t\t<div class=\"elementor-widget-container\">\n\t\t\t\t\t\t\t\t\t<p>Le club organise r\u00e9guli\u00e8rement des cours pour l&#8217;obtention d&#8217;une licence d&#8217;arbitrage C reconnnue par la f\u00e9d\u00e9ration luxembourgeoise.\u00a0<\/p>\n<p>Ces cours ne sont pas r\u00e9serv\u00e9s \u00e0 nos membres, mais sont ouverts \u00e0 tout membre de la f\u00e9d\u00e9ration.<\/p>\n<h4 style=\"text-align: center;\">Le prochain cours aura lieu <em><strong>Mardi, le 20 f\u00e9vrier \u00e0 19 heures 30.<\/strong><\/em><\/h4>\t\t\t\t\t\t\t\t<\/div>\n\t\t\t\t<\/div>\n\t\t\t\t\t<\/div>\n\t\t\t\t<\/div>\n\t\t<div class=\"elementor-element elementor-element-7c06d64 e-flex e-con-boxed e-con e-parent\" data-id=\"7c06d64\" data-element_type=\"container\">\n\t\t\t\t\t<div class=\"e-con-inner\">\n\t\t\t\t<div class=\"elementor-element elementor-element-5dc084b elementor-widget elementor-widget-heading\" data-id=\"5dc084b\" data-element_type=\"widget\" data-widget_type=\"heading.default\">\n\t\t\t\t<div class=\"elementor-widget-container\">\n\t\t\t\t\t<h2 class=\"elementor-heading-title elementor-size-default\">Pourquoi ? <\/h2>\t\t\t\t<\/div>\n\t\t\t\t<\/div>\n\t\t\t\t\t<\/div>\n\t\t\t\t<\/div>\n\t\t<div class=\"elementor-element elementor-element-153ee7b e-flex e-con-boxed e-con e-parent\" data-id=\"153ee7b\" data-element_type=\"container\">\n\t\t\t\t\t<div class=\"e-con-inner\">\n\t\t\t\t<div class=\"elementor-element elementor-element-3a6e170 elementor-widget elementor-widget-text-editor\" data-id=\"3a6e170\" data-element_type=\"widget\" data-widget_type=\"text-editor.default\">\n\t\t\t\t<div class=\"elementor-widget-container\">\n\t\t\t\t\t\t\t\t\t<p>Le \u00a0<a href=\"https:\/\/schachclub-nordstad.lu\/wp-content\/uploads\/2023\/12\/flde.rt_.2023.pdf\">r\u00e8glement d&#8217;ordre int\u00e9rieur (ROI) de la FLDE<\/a> stipule dans son article n\u00b0 29:<\/p><blockquote><p>La licence d&#8217;arbitre de cat\u00e9gorie C habilite le titulaire \u00e0 assumer la t\u00e2che de capitaine (ou de capitaine Adjoint) dans les rencontres par \u00e9quipes ainsi que la t\u00e2che d&#8217;arbitre adjoint dans les tournois nationaux \u00e0 syst\u00e8me simple (p.ex.: \u00a0&#8220;Vollrundenturnier&#8221;).<\/p><\/blockquote>\t\t\t\t\t\t\t\t<\/div>\n\t\t\t\t<\/div>\n\t\t\t\t\t<\/div>\n\t\t\t\t<\/div>\n\t\t<div class=\"elementor-element elementor-element-3337a22 e-flex e-con-boxed e-con e-parent\" data-id=\"3337a22\" data-element_type=\"container\">\n\t\t\t\t\t<div class=\"e-con-inner\">\n\t\t\t\t<div class=\"elementor-element elementor-element-bf5109e elementor-widget elementor-widget-heading\" data-id=\"bf5109e\" data-element_type=\"widget\" data-widget_type=\"heading.default\">\n\t\t\t\t<div class=\"elementor-widget-container\">\n\t\t\t\t\t<h2 class=\"elementor-heading-title elementor-size-default\">Sujets ? <\/h2>\t\t\t\t<\/div>\n\t\t\t\t<\/div>\n\t\t\t\t\t<\/div>\n\t\t\t\t<\/div>\n\t\t<div class=\"elementor-element elementor-element-7800890 e-flex e-con-boxed e-con e-parent\" data-id=\"7800890\" data-element_type=\"container\">\n\t\t\t\t\t<div class=\"e-con-inner\">\n\t\t\t\t<div class=\"elementor-element elementor-element-83dd585 elementor-widget elementor-widget-text-editor\" data-id=\"83dd585\" data-element_type=\"widget\" data-widget_type=\"text-editor.default\">\n\t\t\t\t<div class=\"elementor-widget-container\">\n\t\t\t\t\t\t\t\t\t<p>Les connaissances n\u00e9cessaires pour l&#8217;obtention d&#8217;une licence d&#8217;arbitre de cat\u00e9gorie C sont:<\/p><ul><li>les r\u00e8gles du jeu des \u00e9checs de la FIDE;<\/li><li>le r\u00e8glement disciplinaire de la FLDE;<\/li><li>les statuts et le r\u00e8glement des tournois suivant n\u00e9cessit\u00e9;<\/li><li>les droits et devoirs d&#8217;un capitaine d&#8217;\u00e9quipe;<\/li><li>l&#8217;\u00e9tablissement correct d&#8217;une carte &#8220;rapport de match&#8221;.<\/li><\/ul><div>Les exigences de la FLDE par rapport aux sujets \u00e0 traiter lors du cours sont d\u00e9taill\u00e9es dans son document &#8220;<a href=\"https:\/\/schachclub-nordstad.lu\/wp-content\/uploads\/2024\/02\/cours_c_exigences_flde.pdf\">Notes de cours pour l&#8217;obtention du titre d&#8217;arbitre C<\/a>&#8220;.<\/div><div>\u00a0<\/div>\t\t\t\t\t\t\t\t<\/div>\n\t\t\t\t<\/div>\n\t\t\t\t\t<\/div>\n\t\t\t\t<\/div>\n\t\t<div class=\"elementor-element elementor-element-e3a2a99 e-flex e-con-boxed e-con e-parent\" data-id=\"e3a2a99\" data-element_type=\"container\">\n\t\t\t\t\t<div class=\"e-con-inner\">\n\t\t\t\t<div class=\"elementor-element elementor-element-2b8e70a elementor-widget elementor-widget-heading\" data-id=\"2b8e70a\" data-element_type=\"widget\" data-widget_type=\"heading.default\">\n\t\t\t\t<div class=\"elementor-widget-container\">\n\t\t\t\t\t<h2 class=\"elementor-heading-title elementor-size-default\">Supports ? <\/h2>\t\t\t\t<\/div>\n\t\t\t\t<\/div>\n\t\t\t\t\t<\/div>\n\t\t\t\t<\/div>\n\t\t<div class=\"elementor-element elementor-element-80471d6 e-flex e-con-boxed e-con e-parent\" data-id=\"80471d6\" data-element_type=\"container\">\n\t\t\t\t\t<div class=\"e-con-inner\">\n\t\t\t\t<div class=\"elementor-element elementor-element-f57b518 elementor-widget elementor-widget-text-editor\" data-id=\"f57b518\" data-element_type=\"widget\" data-widget_type=\"text-editor.default\">\n\t\t\t\t<div class=\"elementor-widget-container\">\n\t\t\t\t\t\t\t\t\t<ul><li>Support (slides) du cours version 2024: <a href=\"https:\/\/schachclub-nordstad.lu\/wp-content\/uploads\/2024\/02\/cours_c_slides.pdf\">PDF<\/a>\u00a0<\/li><li>Notes de cours de FLDE, version 2023<span style=\"font-family: var( --e-global-typography-text-font-family ), Sans-serif; text-align: var(--text-align); font-size: 0.9375rem;\">\u00a0: <\/span><a style=\"font-family: var( --e-global-typography-text-font-family ), Sans-serif; text-align: var(--text-align); font-size: 0.9375rem;\" href=\"https:\/\/schachclub-nordstad.lu\/wp-content\/uploads\/2024\/02\/cours_c_exigences_flde.pdf\">PDF<\/a><\/li><li>FIDE &#8220;Laws of Chess&#8221; de janvier 2023 : <a href=\"https:\/\/schachclub-nordstad.lu\/wp-content\/uploads\/2024\/02\/Laws_of_Chess-2023.pdf\">PDF<\/a>\u00a0<\/li><li>R\u00e8glement des tournois de la FLDE, version de 2023: <a href=\"https:\/\/schachclub-nordstad.lu\/wp-content\/uploads\/2023\/12\/flde.rt_.2023.pdf\">PDF<\/a><\/li><\/ul>\t\t\t\t\t\t\t\t<\/div>\n\t\t\t\t<\/div>\n\t\t\t\t\t<\/div>\n\t\t\t\t<\/div>\n\t\t<div class=\"elementor-element elementor-element-a81ea7b e-flex e-con-boxed e-con e-parent\" data-id=\"a81ea7b\" data-element_type=\"container\">\n\t\t\t\t\t<div class=\"e-con-inner\">\n\t\t\t\t\t<\/div>\n\t\t\t\t<\/div>\n\t\t<div class=\"elementor-element elementor-element-d079ebe e-flex e-con-boxed e-con e-parent\" data-id=\"d079ebe\" data-element_type=\"container\">\n\t\t\t\t\t<div class=\"e-con-inner\">\n\t\t\t\t<div class=\"elementor-element elementor-element-0072bc9 elementor-widget elementor-widget-heading\" data-id=\"0072bc9\" data-element_type=\"widget\" data-widget_type=\"heading.default\">\n\t\t\t\t<div class=\"elementor-widget-container\">\n\t\t\t\t\t<h2 class=\"elementor-heading-title elementor-size-default\">Pendules ?<\/h2>\t\t\t\t<\/div>\n\t\t\t\t<\/div>\n\t\t\t\t\t<\/div>\n\t\t\t\t<\/div>\n\t\t<div class=\"elementor-element elementor-element-d741ed0 e-flex e-con-boxed e-con e-parent\" data-id=\"d741ed0\" data-element_type=\"container\">\n\t\t\t\t\t<div class=\"e-con-inner\">\n\t\t\t\t<div class=\"elementor-element elementor-element-441aff9 elementor-widget elementor-widget-text-editor\" data-id=\"441aff9\" data-element_type=\"widget\" data-widget_type=\"text-editor.default\">\n\t\t\t\t<div class=\"elementor-widget-container\">\n\t\t\t\t\t\t\t\t\t<ul><li>DGT XL 2007 : <a href=\"https:\/\/www.youtube.com\/watch?v=jl89rJjafuk\">Vid\u00e9os<\/a> \u00a0| \u00a0 <a href=\"https:\/\/schachclub-nordstad.lu\/wp-content\/uploads\/2024\/02\/Manual-XL-ENG-FR-DU-SP-RU-NL-2.0-web.pdf\">PDF<\/a><\/li><li>DGT 2010 : <a href=\"https:\/\/www.youtube.com\/watch?v=Gw0sxZLuEc4\">Vid\u00e9os<\/a> \u00a0| \u00a0<a href=\"https:\/\/schachclub-nordstad.lu\/wp-content\/uploads\/2024\/02\/Manual-DGT2010.pdf\">PDF<\/a>\u00a0<\/li><li>DGT 3000 (2014): <a href=\"https:\/\/www.youtube.com\/watch?v=cn86HY-NduI\">Vid\u00e9os<\/a> \u00a0| \u00a0<a href=\"https:\/\/schachclub-nordstad.lu\/wp-content\/uploads\/2024\/02\/dgt_3000.pdf\">PDF<\/a><\/li><li>Silver Timer (2007): <a href=\"https:\/\/schachclub-nordstad.lu\/wp-content\/uploads\/2024\/02\/silver.pdf\">PDF<\/a><\/li><li>\u00a0Sistemco 2009: <a href=\"https:\/\/schachclub-nordstad.lu\/wp-content\/uploads\/2024\/02\/sistemco.pdf\">PDF<\/a>\u00a0<\/li><li>CE classic clock (2017): <a href=\"https:\/\/www.schachschiri.de\/ce_clock.pdf\">PDF<\/a><\/li><li>\u00a0LEAP clock KK 9908: <a href=\"https:\/\/schachclub-nordstad.lu\/wp-content\/uploads\/2024\/02\/kk_9908.pdf\">PDF<\/a><\/li><\/ul>\t\t\t\t\t\t\t\t<\/div>\n\t\t\t\t<\/div>\n\t\t\t\t\t<\/div>\n\t\t\t\t<\/div>\n\t\t\t\t<\/div>\n\t\t","protected":false},"excerpt":{"rendered":"<p>Quand ? Le club organise r\u00e9guli\u00e8rement des cours pour l&#8217;obtention d&#8217;une licence d&#8217;arbitrage C reconnnue par la f\u00e9d\u00e9ration luxembourgeoise.\u00a0 Ces cours ne sont pas r\u00e9serv\u00e9s \u00e0 nos membres, mais sont&hellip;<\/p>\n","protected":false},"author":1,"featured_media":0,"parent":0,"menu_order":0,"comment_status":"closed","ping_status":"closed","template":"","meta":{"ngg_post_thumbnail":0,"footnotes":""},"_links":{"self":[{"href":"https:\/\/schachclub-nordstad.lu\/index.php?rest_route=\/wp\/v2\/pages\/904"}],"collection":[{"href":"https:\/\/schachclub-nordstad.lu\/index.php?rest_route=\/wp\/v2\/pages"}],"about":[{"href":"https:\/\/schachclub-nordstad.lu\/index.php?rest_route=\/wp\/v2\/types\/page"}],"author":[{"embeddable":true,"href":"https:\/\/schachclub-nordstad.lu\/index.php?rest_route=\/wp\/v2\/users\/1"}],"replies":[{"embeddable":true,"href":"https:\/\/schachclub-nordstad.lu\/index.php?rest_route=%2Fwp%2Fv2%2Fcomments&post=904"}],"version-history":[{"count":49,"href":"https:\/\/schachclub-nordstad.lu\/index.php?rest_route=\/wp\/v2\/pages\/904\/revisions"}],"predecessor-version":[{"id":965,"href":"https:\/\/schachclub-nordstad.lu\/index.php?rest_route=\/wp\/v2\/pages\/904\/revisions\/965"}],"wp:attachment":[{"href":"https:\/\/schachclub-nordstad.lu\/index.php?rest_route=%2Fwp%2Fv2%2Fmedia&parent=904"}],"curies":[{"name":"wp","href":"https:\/\/api.w.org\/{rel}","templated":true}]}}