{"id":290,"date":"2023-12-24T11:41:48","date_gmt":"2023-12-24T09:41:48","guid":{"rendered":"https:\/\/schachclub-nordstad.lu\/?page_id=290"},"modified":"2023-12-29T17:06:46","modified_gmt":"2023-12-29T15:06:46","slug":"geschicht","status":"publish","type":"page","link":"https:\/\/schachclub-nordstad.lu\/?page_id=290","title":{"rendered":"Geschicht"},"content":{"rendered":"\t\t<div data-elementor-type=\"wp-page\" data-elementor-id=\"290\" class=\"elementor elementor-290\">\n\t\t\t\t<div class=\"elementor-element elementor-element-dec36d2 e-flex e-con-boxed e-con e-parent\" data-id=\"dec36d2\" data-element_type=\"container\">\n\t\t\t\t\t<div class=\"e-con-inner\">\n\t\t\t\t<div class=\"elementor-element elementor-element-b2994aa elementor-widget elementor-widget-spacer\" data-id=\"b2994aa\" data-element_type=\"widget\" data-widget_type=\"spacer.default\">\n\t\t\t\t<div class=\"elementor-widget-container\">\n\t\t\t\t\t\t\t<div class=\"elementor-spacer\">\n\t\t\t<div class=\"elementor-spacer-inner\"><\/div>\n\t\t<\/div>\n\t\t\t\t\t\t<\/div>\n\t\t\t\t<\/div>\n\t\t\t\t<div class=\"elementor-element elementor-element-bb72948 elementor-widget elementor-widget-heading\" data-id=\"bb72948\" data-element_type=\"widget\" data-widget_type=\"heading.default\">\n\t\t\t\t<div class=\"elementor-widget-container\">\n\t\t\t\t\t<h2 class=\"elementor-heading-title elementor-size-default\">D' Geschicht vum Club<\/h2>\t\t\t\t<\/div>\n\t\t\t\t<\/div>\n\t\t\t\t\t<\/div>\n\t\t\t\t<\/div>\n\t\t<div class=\"elementor-element elementor-element-9495c49 e-flex e-con-boxed e-con e-parent\" data-id=\"9495c49\" data-element_type=\"container\">\n\t\t\t\t\t<div class=\"e-con-inner\">\n\t\t\t\t<div class=\"elementor-element elementor-element-aa81e71 elementor-widget elementor-widget-text-editor\" data-id=\"aa81e71\" data-element_type=\"widget\" data-widget_type=\"text-editor.default\">\n\t\t\t\t<div class=\"elementor-widget-container\">\n\t\t\t\t\t\t\t\t\t<p>Anfang der dreissiger Jahre wurde eine Reihe von Schachvereinen im Luxemburger Land gegr\u00fcndet. Das organisierte Schachleben im Grossherzugtum hatte begonnen.<\/p><p>Der Denksport Schach, das &#8220;Spiel der K\u00f6nige&#8221;, wurd allm\u00e4lich zum Spiel der Massen<\/p><p>Am 18ten Oktober 1931 gr\u00fcndeten die Delegierten von vier Schachvereinen im Caf\u00e9 Philippe in Esch-Alzette die &#8220;F\u00e9d\u00e9ration Luxembourgeoise d&#8217;Echecs&#8221;.<\/p><p>Bei der Revision der Statuten in der Generalversammlung der F\u00f6deration vum 23.4.1933 waren folgende Vereine vertreten:<\/p>\t\t\t\t\t\t\t\t<\/div>\n\t\t\t\t<\/div>\n\t\t\t\t\t<\/div>\n\t\t\t\t<\/div>\n\t\t<div class=\"elementor-element elementor-element-f4885bd e-flex e-con-boxed e-con e-parent\" data-id=\"f4885bd\" data-element_type=\"container\">\n\t\t\t\t\t<div class=\"e-con-inner\">\n\t\t\t\t<div class=\"elementor-element elementor-element-ec9e5e2 elementor-widget elementor-widget-text-editor\" data-id=\"ec9e5e2\" data-element_type=\"widget\" data-widget_type=\"text-editor.default\">\n\t\t\t\t<div class=\"elementor-widget-container\">\n\t\t\t\t\t\t\t\t\t<ul><li>Luxembourg 1915<\/li><li>&#8220;La Tour&#8221;, Limpertsberg<\/li><li>Esch-Alzette<\/li><li>Differdingen<\/li><li>Diekirch<\/li><li>D\u00fcdelingen<\/li><\/ul>\t\t\t\t\t\t\t\t<\/div>\n\t\t\t\t<\/div>\n\t\t\t\t\t<\/div>\n\t\t\t\t<\/div>\n\t\t<div class=\"elementor-element elementor-element-a160d82 e-flex e-con-boxed e-con e-parent\" data-id=\"a160d82\" data-element_type=\"container\">\n\t\t\t\t\t<div class=\"e-con-inner\">\n\t\t\t\t<div class=\"elementor-element elementor-element-7cb7207 elementor-widget elementor-widget-heading\" data-id=\"7cb7207\" data-element_type=\"widget\" data-widget_type=\"heading.default\">\n\t\t\t\t<div class=\"elementor-widget-container\">\n\t\t\t\t\t<h6 class=\"elementor-heading-title elementor-size-default\">Diekirch<\/h6>\t\t\t\t<\/div>\n\t\t\t\t<\/div>\n\t\t\t\t\t<\/div>\n\t\t\t\t<\/div>\n\t\t<div class=\"elementor-element elementor-element-860be64 e-flex e-con-boxed e-con e-parent\" data-id=\"860be64\" data-element_type=\"container\">\n\t\t\t\t\t<div class=\"e-con-inner\">\n\t\t\t\t<div class=\"elementor-element elementor-element-11406a5 elementor-widget elementor-widget-text-editor\" data-id=\"11406a5\" data-element_type=\"widget\" data-widget_type=\"text-editor.default\">\n\t\t\t\t<div class=\"elementor-widget-container\">\n\t\t\t\t\t\t\t\t\t<p>Nun, zur Vorgeschichte des Diekircher Schachlebens geh\u00f6ren ohne Zweifel die w\u00f6chentlichen Spielversammlungen des katholischen J\u00fcnglingvereins. Diese Spielversammlungen in welchen neben anderen Gesellschaftspielen auch Schach gespielt wurde, wurden in den zwanziger Jahren, im Vereinshaus, gelegen in den &#8220;Scheissg\u00e4assel&#8221;, offiziel &#8220;Rue Guillaume&#8221;, ab 1931 &#8220;Rue Jean l&#8217;Aveugle&#8221;, abgehalten.<\/p><p>Es ist anzunehmen, dass die Gr\u00fcndungsmitglieder unseres Vereins ihre Liebe zum Schach in diesen Versammlungen entdeckten und darauf dr\u00e4ngten, einen eigenen Club zu gr\u00fcnden.<\/p><p>Der Diekircher Verein mit dem urspr\u00fcnglichen Namen &#8220;ECHEC-CLUB DIEKIRCH&#8221;, wurde am 28ten Oktober 1932 aus der Taufe gehoben. Er war der erste Schachverein im Norden des Landes.<\/p>\t\t\t\t\t\t\t\t<\/div>\n\t\t\t\t<\/div>\n\t\t\t\t\t<\/div>\n\t\t\t\t<\/div>\n\t\t<div class=\"elementor-element elementor-element-4f20328 e-flex e-con-boxed e-con e-parent\" data-id=\"4f20328\" data-element_type=\"container\">\n\t\t\t\t\t<div class=\"e-con-inner\">\n\t\t\t\t<div class=\"elementor-element elementor-element-ce23945 elementor-widget elementor-widget-image\" data-id=\"ce23945\" data-element_type=\"widget\" data-widget_type=\"image.default\">\n\t\t\t\t<div class=\"elementor-widget-container\">\n\t\t\t\t\t\t\t\t\t\t\t\t<figure class=\"wp-caption\">\n\t\t\t\t\t\t\t\t\t\t\t<a href=\"https:\/\/fr.restaurantguru.com\/Cafe-des-Ardennes-Diekirch\">\n\t\t\t\t\t\t\t<img fetchpriority=\"high\" decoding=\"async\" width=\"467\" height=\"313\" src=\"https:\/\/schachclub-nordstad.lu\/wp-content\/uploads\/2023\/12\/Screenshot-2023-12-29-at-15.58.27.png\" class=\"attachment-large size-large wp-image-624\" alt=\"\" srcset=\"https:\/\/schachclub-nordstad.lu\/wp-content\/uploads\/2023\/12\/Screenshot-2023-12-29-at-15.58.27.png 467w, https:\/\/schachclub-nordstad.lu\/wp-content\/uploads\/2023\/12\/Screenshot-2023-12-29-at-15.58.27-300x201.png 300w\" sizes=\"(max-width: 467px) 100vw, 467px\" \/>\t\t\t\t\t\t\t\t<\/a>\n\t\t\t\t\t\t\t\t\t\t\t<figcaption class=\"widget-image-caption wp-caption-text\"><\/figcaption>\n\t\t\t\t\t\t\t\t\t\t<\/figure>\n\t\t\t\t\t\t\t\t\t<\/div>\n\t\t\t\t<\/div>\n\t\t\t\t\t<\/div>\n\t\t\t\t<\/div>\n\t\t<div class=\"elementor-element elementor-element-8887995 e-flex e-con-boxed e-con e-parent\" data-id=\"8887995\" data-element_type=\"container\">\n\t\t\t\t\t<div class=\"e-con-inner\">\n\t\t\t\t<div class=\"elementor-element elementor-element-493276b elementor-widget elementor-widget-text-editor\" data-id=\"493276b\" data-element_type=\"widget\" data-widget_type=\"text-editor.default\">\n\t\t\t\t<div class=\"elementor-widget-container\">\n\t\t\t\t\t\t\t\t\t<p>Das bestbekannte CAFE DES ARDENNES &#8220;ob der Esplanade&#8221;\u00a0<\/p><p>Gr\u00fcndungs- und Club-Lokal des CED<\/p>\t\t\t\t\t\t\t\t<\/div>\n\t\t\t\t<\/div>\n\t\t\t\t\t<\/div>\n\t\t\t\t<\/div>\n\t\t<div class=\"elementor-element elementor-element-a91c3d0 e-flex e-con-boxed e-con e-parent\" data-id=\"a91c3d0\" data-element_type=\"container\">\n\t\t\t\t\t<div class=\"e-con-inner\">\n\t\t\t\t<div class=\"elementor-element elementor-element-edb718c elementor-widget elementor-widget-text-editor\" data-id=\"edb718c\" data-element_type=\"widget\" data-widget_type=\"text-editor.default\">\n\t\t\t\t<div class=\"elementor-widget-container\">\n\t\t\t\t\t\t\t\t\t<p>Es sei noch erw\u00e4hnt, dass 1935 noch ein zweiter Vereine mit dem Namen &#8220;La Rochade&#8221; in Diekirch gegr\u00fcndet wurde. Sein Vereinslokal war das &#8220;Caf\u00e9 Thies&#8221;, gelgen &#8220;ob der Lann&#8221;. Der Verein war nicht foederiert. Zu einem Freundschaftsmatch zwischen den beiden Diekircher Vereinen ist es seinerzeit allerdings gekommen.<\/p><p>Auf nationalem Plan, hatte Diekirch einen langsamen Start. Der quantitativen \u00dcberlegenheit der grossen Vereine im Zentrum und im S\u00fcden konnte Diekirch nichts entgegensetzen.<\/p><p>Einige wenige Diekicher waren allerdings Spietzenspieler auf Landesebene.<\/p><p>Vor dem Krieg hatte der Club seinen gr\u00f6ssten Erfolg, als er 1940 zu Meisterehren der II. Division kam.<\/p>\t\t\t\t\t\t\t\t<\/div>\n\t\t\t\t<\/div>\n\t\t\t\t\t<\/div>\n\t\t\t\t<\/div>\n\t\t<div class=\"elementor-element elementor-element-019e4b0 e-flex e-con-boxed e-con e-parent\" data-id=\"019e4b0\" data-element_type=\"container\">\n\t\t\t\t\t<div class=\"e-con-inner\">\n\t\t\t\t\t<\/div>\n\t\t\t\t<\/div>\n\t\t<div class=\"elementor-element elementor-element-f35b033 e-flex e-con-boxed e-con e-parent\" data-id=\"f35b033\" data-element_type=\"container\">\n\t\t\t\t\t<div class=\"e-con-inner\">\n\t\t\t\t<div class=\"elementor-element elementor-element-1ffbf29 elementor-widget elementor-widget-heading\" data-id=\"1ffbf29\" data-element_type=\"widget\" data-widget_type=\"heading.default\">\n\t\t\t\t<div class=\"elementor-widget-container\">\n\t\t\t\t\t<h5 class=\"elementor-heading-title elementor-size-default\">Ettelbr\u00e9ck\n<\/h5>\t\t\t\t<\/div>\n\t\t\t\t<\/div>\n\t\t\t\t\t<\/div>\n\t\t\t\t<\/div>\n\t\t<div class=\"elementor-element elementor-element-7e334cd e-flex e-con-boxed e-con e-parent\" data-id=\"7e334cd\" data-element_type=\"container\">\n\t\t\t\t\t<div class=\"e-con-inner\">\n\t\t<div class=\"elementor-element elementor-element-290e30c e-con-full e-flex e-con e-child\" data-id=\"290e30c\" data-element_type=\"container\">\n\t\t\t\t<div class=\"elementor-element elementor-element-c8b987a elementor-widget elementor-widget-text-editor\" data-id=\"c8b987a\" data-element_type=\"widget\" data-widget_type=\"text-editor.default\">\n\t\t\t\t<div class=\"elementor-widget-container\">\n\t\t\t\t\t\t\t\t\t<p><span style=\"font-size: 11pt; font-family: Calibri;\">Aus den Unterlagen der luxemburgischen Schachfo\u0308deration geht hervor dass der Ettelbru\u0308cker Schachverein in den Zeitra\u0308umen von 1934-1935, 1939-1940, 1948-1949, 1951-1952 und 1956-1965 ta\u0308tig war.<\/span><\/p><p>\u00a0<\/p><p><span style=\"font-family: Calibri; font-size: 11pt;\">Berichte aus verschiedenen Tageszeitungen, besta\u0308tigen die Aktivita\u0308ten des Ettelbru\u0308cker Schachvereins vor und nach dem Zweiten Weltkrieg.\u00a0<\/span><\/p>\t\t\t\t\t\t\t\t<\/div>\n\t\t\t\t<\/div>\n\t\t\t\t<\/div>\n\t\t<div class=\"elementor-element elementor-element-43cd606 e-con-full e-flex e-con e-child\" data-id=\"43cd606\" data-element_type=\"container\">\n\t\t\t\t<div class=\"elementor-element elementor-element-0f8c61f elementor-widget elementor-widget-image\" data-id=\"0f8c61f\" data-element_type=\"widget\" data-widget_type=\"image.default\">\n\t\t\t\t<div class=\"elementor-widget-container\">\n\t\t\t\t\t\t\t\t\t\t\t\t\t\t\t<img decoding=\"async\" width=\"283\" height=\"300\" src=\"https:\/\/schachclub-nordstad.lu\/wp-content\/uploads\/2023\/12\/Schachklub_Nordstad_-_Logo-1-283x300.jpg\" class=\"attachment-medium size-medium wp-image-313\" alt=\"\" srcset=\"https:\/\/schachclub-nordstad.lu\/wp-content\/uploads\/2023\/12\/Schachklub_Nordstad_-_Logo-1-283x300.jpg 283w, https:\/\/schachclub-nordstad.lu\/wp-content\/uploads\/2023\/12\/Schachklub_Nordstad_-_Logo-1.jpg 571w\" sizes=\"(max-width: 283px) 100vw, 283px\" \/>\t\t\t\t\t\t\t\t\t\t\t\t\t\t\t<\/div>\n\t\t\t\t<\/div>\n\t\t\t\t<\/div>\n\t\t\t\t\t<\/div>\n\t\t\t\t<\/div>\n\t\t<div class=\"elementor-element elementor-element-d94d572 e-flex e-con-boxed e-con e-parent\" data-id=\"d94d572\" data-element_type=\"container\">\n\t\t\t\t\t<div class=\"e-con-inner\">\n\t\t<div class=\"elementor-element elementor-element-a82577a e-con-full e-flex e-con e-child\" data-id=\"a82577a\" data-element_type=\"container\">\n\t\t\t\t<div class=\"elementor-element elementor-element-6a2f344 elementor-widget elementor-widget-text-editor\" data-id=\"6a2f344\" data-element_type=\"widget\" data-widget_type=\"text-editor.default\">\n\t\t\t\t<div class=\"elementor-widget-container\">\n\t\t\t\t\t\t\t\t\t<div class=\"page\" title=\"Page 1\"><div class=\"layoutArea\"><div class=\"column\"><p>Escher Tageblattvom 17\/06\/1933:<\/p><\/div><\/div><\/div>\t\t\t\t\t\t\t\t<\/div>\n\t\t\t\t<\/div>\n\t\t\t\t<\/div>\n\t\t<div class=\"elementor-element elementor-element-7714415 e-con-full e-flex e-con e-child\" data-id=\"7714415\" data-element_type=\"container\">\n\t\t\t\t<div class=\"elementor-element elementor-element-6054785 elementor-widget elementor-widget-text-editor\" data-id=\"6054785\" data-element_type=\"widget\" data-widget_type=\"text-editor.default\">\n\t\t\t\t<div class=\"elementor-widget-container\">\n\t\t\t\t\t\t\t\t\t<div class=\"page\" title=\"Page 1\"><div class=\"layoutArea\"><div class=\"column\"><div class=\"page\" title=\"Page 1\"><div class=\"layoutArea\"><div class=\"column\"><p>Escher Tageblatt NR 93 vom 21\/04\/1934:\u00a0<\/p><\/div><\/div><\/div><\/div><\/div><\/div>\t\t\t\t\t\t\t\t<\/div>\n\t\t\t\t<\/div>\n\t\t\t\t<\/div>\n\t\t<div class=\"elementor-element elementor-element-9194545 e-con-full e-flex e-con e-child\" data-id=\"9194545\" data-element_type=\"container\">\n\t\t\t\t<div class=\"elementor-element elementor-element-cdcd8c0 elementor-widget elementor-widget-image\" data-id=\"cdcd8c0\" data-element_type=\"widget\" data-widget_type=\"image.default\">\n\t\t\t\t<div class=\"elementor-widget-container\">\n\t\t\t\t\t\t\t\t\t\t\t\t\t\t\t<img decoding=\"async\" width=\"403\" height=\"943\" src=\"https:\/\/schachclub-nordstad.lu\/wp-content\/uploads\/2023\/12\/Screenshot-2023-12-24-at-10.19.15.png\" class=\"attachment-large size-large wp-image-292\" alt=\"\" srcset=\"https:\/\/schachclub-nordstad.lu\/wp-content\/uploads\/2023\/12\/Screenshot-2023-12-24-at-10.19.15.png 403w, https:\/\/schachclub-nordstad.lu\/wp-content\/uploads\/2023\/12\/Screenshot-2023-12-24-at-10.19.15-128x300.png 128w\" sizes=\"(max-width: 403px) 100vw, 403px\" \/>\t\t\t\t\t\t\t\t\t\t\t\t\t\t\t<\/div>\n\t\t\t\t<\/div>\n\t\t\t\t<\/div>\n\t\t<div class=\"elementor-element elementor-element-0763bca e-con-full e-flex e-con e-child\" data-id=\"0763bca\" data-element_type=\"container\">\n\t\t\t\t<div class=\"elementor-element elementor-element-293b7c0 elementor-widget elementor-widget-image\" data-id=\"293b7c0\" data-element_type=\"widget\" data-widget_type=\"image.default\">\n\t\t\t\t<div class=\"elementor-widget-container\">\n\t\t\t\t\t\t\t\t\t\t\t\t\t\t\t<img loading=\"lazy\" decoding=\"async\" width=\"483\" height=\"1024\" src=\"https:\/\/schachclub-nordstad.lu\/wp-content\/uploads\/2023\/12\/Screenshot-2023-12-24-at-10.38.58-483x1024.png\" class=\"attachment-large size-large wp-image-294\" alt=\"\" srcset=\"https:\/\/schachclub-nordstad.lu\/wp-content\/uploads\/2023\/12\/Screenshot-2023-12-24-at-10.38.58-483x1024.png 483w, https:\/\/schachclub-nordstad.lu\/wp-content\/uploads\/2023\/12\/Screenshot-2023-12-24-at-10.38.58-142x300.png 142w, https:\/\/schachclub-nordstad.lu\/wp-content\/uploads\/2023\/12\/Screenshot-2023-12-24-at-10.38.58.png 565w\" sizes=\"(max-width: 483px) 100vw, 483px\" \/>\t\t\t\t\t\t\t\t\t\t\t\t\t\t\t<\/div>\n\t\t\t\t<\/div>\n\t\t\t\t<\/div>\n\t\t\t\t\t<\/div>\n\t\t\t\t<\/div>\n\t\t<div class=\"elementor-element elementor-element-6e6cc4b e-flex e-con-boxed e-con e-parent\" data-id=\"6e6cc4b\" data-element_type=\"container\">\n\t\t\t\t\t<div class=\"e-con-inner\">\n\t\t\t\t<div class=\"elementor-element elementor-element-e088818 elementor-widget elementor-widget-spacer\" data-id=\"e088818\" data-element_type=\"widget\" data-widget_type=\"spacer.default\">\n\t\t\t\t<div class=\"elementor-widget-container\">\n\t\t\t\t\t\t\t<div class=\"elementor-spacer\">\n\t\t\t<div class=\"elementor-spacer-inner\"><\/div>\n\t\t<\/div>\n\t\t\t\t\t\t<\/div>\n\t\t\t\t<\/div>\n\t\t\t\t\t<\/div>\n\t\t\t\t<\/div>\n\t\t<div class=\"elementor-element elementor-element-9aa5289 e-flex e-con-boxed e-con e-parent\" data-id=\"9aa5289\" data-element_type=\"container\">\n\t\t\t\t\t<div class=\"e-con-inner\">\n\t\t\t\t<div class=\"elementor-element elementor-element-9696c09 elementor-widget elementor-widget-text-editor\" data-id=\"9696c09\" data-element_type=\"widget\" data-widget_type=\"text-editor.default\">\n\t\t\t\t<div class=\"elementor-widget-container\">\n\t\t\t\t\t\t\t\t\t<div class=\"page\" title=\"Page 2\"><div class=\"layoutArea\"><div class=\"column\"><p>Escher Tageblatt vom 27 Oktober 1934 (Ausgabe Nr 25) berichtet dass der Vorsitz der FLE den Ettelbrucker Schachklub Ettelbru\u0308ck am Sonntag 21. Oktober 1934 offiziell aufgenommen hat.<\/p><\/div><\/div><\/div>\t\t\t\t\t\t\t\t<\/div>\n\t\t\t\t<\/div>\n\t\t\t\t<div class=\"elementor-element elementor-element-b89a005 elementor-widget elementor-widget-image\" data-id=\"b89a005\" data-element_type=\"widget\" data-widget_type=\"image.default\">\n\t\t\t\t<div class=\"elementor-widget-container\">\n\t\t\t\t\t\t\t\t\t\t\t\t\t\t\t<img loading=\"lazy\" decoding=\"async\" width=\"450\" height=\"1024\" src=\"https:\/\/schachclub-nordstad.lu\/wp-content\/uploads\/2023\/12\/Screenshot-2023-12-24-at-10.51.35-450x1024.png\" class=\"attachment-large size-large wp-image-300\" alt=\"\" srcset=\"https:\/\/schachclub-nordstad.lu\/wp-content\/uploads\/2023\/12\/Screenshot-2023-12-24-at-10.51.35-450x1024.png 450w, https:\/\/schachclub-nordstad.lu\/wp-content\/uploads\/2023\/12\/Screenshot-2023-12-24-at-10.51.35-132x300.png 132w, https:\/\/schachclub-nordstad.lu\/wp-content\/uploads\/2023\/12\/Screenshot-2023-12-24-at-10.51.35.png 515w\" sizes=\"(max-width: 450px) 100vw, 450px\" \/>\t\t\t\t\t\t\t\t\t\t\t\t\t\t\t<\/div>\n\t\t\t\t<\/div>\n\t\t\t\t<div class=\"elementor-element elementor-element-6f94963 elementor-widget elementor-widget-spacer\" data-id=\"6f94963\" data-element_type=\"widget\" data-widget_type=\"spacer.default\">\n\t\t\t\t<div class=\"elementor-widget-container\">\n\t\t\t\t\t\t\t<div class=\"elementor-spacer\">\n\t\t\t<div class=\"elementor-spacer-inner\"><\/div>\n\t\t<\/div>\n\t\t\t\t\t\t<\/div>\n\t\t\t\t<\/div>\n\t\t\t\t<div class=\"elementor-element elementor-element-71fe6ec elementor-widget elementor-widget-text-editor\" data-id=\"71fe6ec\" data-element_type=\"widget\" data-widget_type=\"text-editor.default\">\n\t\t\t\t<div class=\"elementor-widget-container\">\n\t\t\t\t\t\t\t\t\t<div class=\"page\" title=\"Page 3\"><div class=\"layoutArea\"><div class=\"column\"><p>Escher Tageblatt vom 31\/03\/1934 (SCHACKECKE: Ettelbruck schlug Diekirch 5:8)<\/p><\/div><\/div><\/div>\t\t\t\t\t\t\t\t<\/div>\n\t\t\t\t<\/div>\n\t\t\t\t<div class=\"elementor-element elementor-element-165e4e0 elementor-widget elementor-widget-image\" data-id=\"165e4e0\" data-element_type=\"widget\" data-widget_type=\"image.default\">\n\t\t\t\t<div class=\"elementor-widget-container\">\n\t\t\t\t\t\t\t\t\t\t\t\t\t\t\t<img loading=\"lazy\" decoding=\"async\" width=\"290\" height=\"1024\" src=\"https:\/\/schachclub-nordstad.lu\/wp-content\/uploads\/2023\/12\/Screenshot-2023-12-24-at-10.54.41-290x1024.png\" class=\"attachment-large size-large wp-image-304\" alt=\"\" srcset=\"https:\/\/schachclub-nordstad.lu\/wp-content\/uploads\/2023\/12\/Screenshot-2023-12-24-at-10.54.41-290x1024.png 290w, https:\/\/schachclub-nordstad.lu\/wp-content\/uploads\/2023\/12\/Screenshot-2023-12-24-at-10.54.41-85x300.png 85w\" sizes=\"(max-width: 290px) 100vw, 290px\" \/>\t\t\t\t\t\t\t\t\t\t\t\t\t\t\t<\/div>\n\t\t\t\t<\/div>\n\t\t\t\t<div class=\"elementor-element elementor-element-26506bd elementor-widget elementor-widget-text-editor\" data-id=\"26506bd\" data-element_type=\"widget\" data-widget_type=\"text-editor.default\">\n\t\t\t\t<div class=\"elementor-widget-container\">\n\t\t\t\t\t\t\t\t\t<div class=\"page\" title=\"Page 4\"><div class=\"layoutArea\"><div class=\"column\"><p>Tageblatt 10\/01\/1948<\/p><\/div><\/div><\/div>\t\t\t\t\t\t\t\t<\/div>\n\t\t\t\t<\/div>\n\t\t\t\t<div class=\"elementor-element elementor-element-6b33bed elementor-widget elementor-widget-image\" data-id=\"6b33bed\" data-element_type=\"widget\" data-widget_type=\"image.default\">\n\t\t\t\t<div class=\"elementor-widget-container\">\n\t\t\t\t\t\t\t\t\t\t\t\t\t\t\t<img loading=\"lazy\" decoding=\"async\" width=\"651\" height=\"267\" src=\"https:\/\/schachclub-nordstad.lu\/wp-content\/uploads\/2023\/12\/Screenshot-2023-12-24-at-10.56.24.png\" class=\"attachment-large size-large wp-image-308\" alt=\"\" srcset=\"https:\/\/schachclub-nordstad.lu\/wp-content\/uploads\/2023\/12\/Screenshot-2023-12-24-at-10.56.24.png 651w, https:\/\/schachclub-nordstad.lu\/wp-content\/uploads\/2023\/12\/Screenshot-2023-12-24-at-10.56.24-300x123.png 300w\" sizes=\"(max-width: 651px) 100vw, 651px\" \/>\t\t\t\t\t\t\t\t\t\t\t\t\t\t\t<\/div>\n\t\t\t\t<\/div>\n\t\t\t\t<div class=\"elementor-element elementor-element-1961a74 elementor-widget elementor-widget-spacer\" data-id=\"1961a74\" data-element_type=\"widget\" data-widget_type=\"spacer.default\">\n\t\t\t\t<div class=\"elementor-widget-container\">\n\t\t\t\t\t\t\t<div class=\"elementor-spacer\">\n\t\t\t<div class=\"elementor-spacer-inner\"><\/div>\n\t\t<\/div>\n\t\t\t\t\t\t<\/div>\n\t\t\t\t<\/div>\n\t\t\t\t<div class=\"elementor-element elementor-element-62cead5 elementor-widget elementor-widget-text-editor\" data-id=\"62cead5\" data-element_type=\"widget\" data-widget_type=\"text-editor.default\">\n\t\t\t\t<div class=\"elementor-widget-container\">\n\t\t\t\t\t\t\t\t\t<div class=\"page\" title=\"Page 5\"><div class=\"layoutArea\"><div class=\"column\"><p>Untenstehend sind die Resultate des Interclubchampionnats abgebildet die im Tageblatt vum 17 Januar 1948 vero\u0308ffentlicht wurden. Ettelbruck gewann gegen Rodange. Die Einzelresultate zeigen einige Namen der Spieler die damals im Ettelbru\u0308cker Schachklub spielten.<\/p><\/div><\/div><\/div>\t\t\t\t\t\t\t\t<\/div>\n\t\t\t\t<\/div>\n\t\t\t\t\t<\/div>\n\t\t\t\t<\/div>\n\t\t<div class=\"elementor-element elementor-element-b6b934b e-flex e-con-boxed e-con e-parent\" data-id=\"b6b934b\" data-element_type=\"container\">\n\t\t\t\t\t<div class=\"e-con-inner\">\n\t\t\t\t<div class=\"elementor-element elementor-element-ba3f7a5 elementor-widget elementor-widget-image\" data-id=\"ba3f7a5\" data-element_type=\"widget\" data-widget_type=\"image.default\">\n\t\t\t\t<div class=\"elementor-widget-container\">\n\t\t\t\t\t\t\t\t\t\t\t\t\t\t\t<img loading=\"lazy\" decoding=\"async\" width=\"869\" height=\"774\" src=\"https:\/\/schachclub-nordstad.lu\/wp-content\/uploads\/2023\/12\/Screenshot-2023-12-24-at-10.45.33.png\" class=\"attachment-large size-large wp-image-295\" alt=\"\" srcset=\"https:\/\/schachclub-nordstad.lu\/wp-content\/uploads\/2023\/12\/Screenshot-2023-12-24-at-10.45.33.png 869w, https:\/\/schachclub-nordstad.lu\/wp-content\/uploads\/2023\/12\/Screenshot-2023-12-24-at-10.45.33-300x267.png 300w, https:\/\/schachclub-nordstad.lu\/wp-content\/uploads\/2023\/12\/Screenshot-2023-12-24-at-10.45.33-768x684.png 768w\" sizes=\"(max-width: 869px) 100vw, 869px\" \/>\t\t\t\t\t\t\t\t\t\t\t\t\t\t\t<\/div>\n\t\t\t\t<\/div>\n\t\t\t\t\t<\/div>\n\t\t\t\t<\/div>\n\t\t<div class=\"elementor-element elementor-element-609c39b e-flex e-con-boxed e-con e-parent\" data-id=\"609c39b\" data-element_type=\"container\">\n\t\t\t\t\t<div class=\"e-con-inner\">\n\t\t\t\t<div class=\"elementor-element elementor-element-2eb4831 elementor-widget elementor-widget-spacer\" data-id=\"2eb4831\" data-element_type=\"widget\" data-widget_type=\"spacer.default\">\n\t\t\t\t<div class=\"elementor-widget-container\">\n\t\t\t\t\t\t\t<div class=\"elementor-spacer\">\n\t\t\t<div class=\"elementor-spacer-inner\"><\/div>\n\t\t<\/div>\n\t\t\t\t\t\t<\/div>\n\t\t\t\t<\/div>\n\t\t\t\t\t<\/div>\n\t\t\t\t<\/div>\n\t\t<div class=\"elementor-element elementor-element-f3a1ba2 e-flex e-con-boxed e-con e-parent\" data-id=\"f3a1ba2\" data-element_type=\"container\">\n\t\t\t\t\t<div class=\"e-con-inner\">\n\t\t\t\t<div class=\"elementor-element elementor-element-322f983 elementor-widget elementor-widget-text-editor\" data-id=\"322f983\" data-element_type=\"widget\" data-widget_type=\"text-editor.default\">\n\t\t\t\t<div class=\"elementor-widget-container\">\n\t\t\t\t\t\t\t\t\t<div class=\"page\" title=\"Page 5\"><div class=\"layoutArea\"><div class=\"column\"><p>Schachklub Diekirch! (Den Lucien Deitz war ee Spiller vun Diekirch)<\/p><p>Obermosel-Zeitung vom 25\/07\/1946<\/p><\/div><\/div><\/div>\t\t\t\t\t\t\t\t<\/div>\n\t\t\t\t<\/div>\n\t\t\t\t\t<\/div>\n\t\t\t\t<\/div>\n\t\t<div class=\"elementor-element elementor-element-c211727 e-flex e-con-boxed e-con e-parent\" data-id=\"c211727\" data-element_type=\"container\">\n\t\t\t\t\t<div class=\"e-con-inner\">\n\t\t\t\t<div class=\"elementor-element elementor-element-c899dd6 elementor-widget elementor-widget-image\" data-id=\"c899dd6\" data-element_type=\"widget\" data-widget_type=\"image.default\">\n\t\t\t\t<div class=\"elementor-widget-container\">\n\t\t\t\t\t\t\t\t\t\t\t\t\t\t\t<img loading=\"lazy\" decoding=\"async\" width=\"673\" height=\"971\" src=\"https:\/\/schachclub-nordstad.lu\/wp-content\/uploads\/2023\/12\/Screenshot-2023-12-24-at-10.47.24.png\" class=\"attachment-large size-large wp-image-296\" alt=\"\" srcset=\"https:\/\/schachclub-nordstad.lu\/wp-content\/uploads\/2023\/12\/Screenshot-2023-12-24-at-10.47.24.png 673w, https:\/\/schachclub-nordstad.lu\/wp-content\/uploads\/2023\/12\/Screenshot-2023-12-24-at-10.47.24-208x300.png 208w\" sizes=\"(max-width: 673px) 100vw, 673px\" \/>\t\t\t\t\t\t\t\t\t\t\t\t\t\t\t<\/div>\n\t\t\t\t<\/div>\n\t\t\t\t\t<\/div>\n\t\t\t\t<\/div>\n\t\t\t\t<\/div>\n\t\t","protected":false},"excerpt":{"rendered":"<p>D&#8217; Geschicht vum Club Anfang der dreissiger Jahre wurde eine Reihe von Schachvereinen im Luxemburger Land gegr\u00fcndet. Das organisierte Schachleben im Grossherzugtum hatte begonnen. Der Denksport Schach, das &#8220;Spiel der&hellip;<\/p>\n","protected":false},"author":1,"featured_media":0,"parent":0,"menu_order":0,"comment_status":"closed","ping_status":"closed","template":"","meta":{"ngg_post_thumbnail":0,"footnotes":""},"_links":{"self":[{"href":"https:\/\/schachclub-nordstad.lu\/index.php?rest_route=\/wp\/v2\/pages\/290"}],"collection":[{"href":"https:\/\/schachclub-nordstad.lu\/index.php?rest_route=\/wp\/v2\/pages"}],"about":[{"href":"https:\/\/schachclub-nordstad.lu\/index.php?rest_route=\/wp\/v2\/types\/page"}],"author":[{"embeddable":true,"href":"https:\/\/schachclub-nordstad.lu\/index.php?rest_route=\/wp\/v2\/users\/1"}],"replies":[{"embeddable":true,"href":"https:\/\/schachclub-nordstad.lu\/index.php?rest_route=%2Fwp%2Fv2%2Fcomments&post=290"}],"version-history":[{"count":34,"href":"https:\/\/schachclub-nordstad.lu\/index.php?rest_route=\/wp\/v2\/pages\/290\/revisions"}],"predecessor-version":[{"id":636,"href":"https:\/\/schachclub-nordstad.lu\/index.php?rest_route=\/wp\/v2\/pages\/290\/revisions\/636"}],"wp:attachment":[{"href":"https:\/\/schachclub-nordstad.lu\/index.php?rest_route=%2Fwp%2Fv2%2Fmedia&parent=290"}],"curies":[{"name":"wp","href":"https:\/\/api.w.org\/{rel}","templated":true}]}}