{"id":26,"date":"2023-12-10T17:03:20","date_gmt":"2023-12-10T17:03:20","guid":{"rendered":"https:\/\/schachclub-nordstad.lu\/?page_id=26"},"modified":"2023-12-24T12:35:36","modified_gmt":"2023-12-24T10:35:36","slug":"club","status":"publish","type":"page","link":"https:\/\/schachclub-nordstad.lu\/","title":{"rendered":"Club"},"content":{"rendered":"\t\t<div data-elementor-type=\"wp-page\" data-elementor-id=\"26\" class=\"elementor elementor-26\">\n\t\t\t\t<div class=\"elementor-element elementor-element-89c5428 e-flex e-con-boxed e-con e-parent\" data-id=\"89c5428\" data-element_type=\"container\">\n\t\t\t\t\t<div class=\"e-con-inner\">\n\t\t\t\t<div class=\"elementor-element elementor-element-f9e8721 elementor-widget elementor-widget-spacer\" data-id=\"f9e8721\" data-element_type=\"widget\" data-widget_type=\"spacer.default\">\n\t\t\t\t<div class=\"elementor-widget-container\">\n\t\t\t\t\t\t\t<div class=\"elementor-spacer\">\n\t\t\t<div class=\"elementor-spacer-inner\"><\/div>\n\t\t<\/div>\n\t\t\t\t\t\t<\/div>\n\t\t\t\t<\/div>\n\t\t\t\t\t<\/div>\n\t\t\t\t<\/div>\n\t\t<div class=\"elementor-element elementor-element-a8ff576 e-flex e-con-boxed e-con e-parent\" data-id=\"a8ff576\" data-element_type=\"container\">\n\t\t\t\t\t<div class=\"e-con-inner\">\n\t\t\t\t<div class=\"elementor-element elementor-element-cc51d17 elementor-widget elementor-widget-heading\" data-id=\"cc51d17\" data-element_type=\"widget\" data-widget_type=\"heading.default\">\n\t\t\t\t<div class=\"elementor-widget-container\">\n\t\t\t\t\t<h1 class=\"elementor-heading-title elementor-size-default\">Du w\u00eblls Schach spillen ? <br><br>Mir fre\u00ebn ons op dech ... <\/h1>\t\t\t\t<\/div>\n\t\t\t\t<\/div>\n\t\t\t\t\t<\/div>\n\t\t\t\t<\/div>\n\t\t<div class=\"elementor-element elementor-element-f0eeca1 e-flex e-con-boxed e-con e-parent\" data-id=\"f0eeca1\" data-element_type=\"container\">\n\t\t\t\t\t<div class=\"e-con-inner\">\n\t\t\t\t<div class=\"elementor-element elementor-element-b80811f elementor-widget elementor-widget-spacer\" data-id=\"b80811f\" data-element_type=\"widget\" data-widget_type=\"spacer.default\">\n\t\t\t\t<div class=\"elementor-widget-container\">\n\t\t\t\t\t\t\t<div class=\"elementor-spacer\">\n\t\t\t<div class=\"elementor-spacer-inner\"><\/div>\n\t\t<\/div>\n\t\t\t\t\t\t<\/div>\n\t\t\t\t<\/div>\n\t\t\t\t\t<\/div>\n\t\t\t\t<\/div>\n\t\t<div class=\"elementor-element elementor-element-a028cb7 e-flex e-con-boxed e-con e-parent\" data-id=\"a028cb7\" data-element_type=\"container\">\n\t\t\t\t\t<div class=\"e-con-inner\">\n\t\t\t\t<div class=\"elementor-element elementor-element-5589425 elementor-widget elementor-widget-heading\" data-id=\"5589425\" data-element_type=\"widget\" data-widget_type=\"heading.default\">\n\t\t\t\t<div class=\"elementor-widget-container\">\n\t\t\t\t\t<h2 class=\"elementor-heading-title elementor-size-default\">Wou ?<\/h2>\t\t\t\t<\/div>\n\t\t\t\t<\/div>\n\t\t\t\t\t<\/div>\n\t\t\t\t<\/div>\n\t\t<div class=\"elementor-element elementor-element-f1cd833 e-flex e-con-boxed e-con e-parent\" data-id=\"f1cd833\" data-element_type=\"container\">\n\t\t\t\t\t<div class=\"e-con-inner\">\n\t\t<div class=\"elementor-element elementor-element-6d25244 e-con-full e-flex e-con e-child\" data-id=\"6d25244\" data-element_type=\"container\">\n\t\t\t\t<div class=\"elementor-element elementor-element-1160860 elementor-widget elementor-widget-image\" data-id=\"1160860\" data-element_type=\"widget\" data-widget_type=\"image.default\">\n\t\t\t\t<div class=\"elementor-widget-container\">\n\t\t\t\t\t\t\t\t\t\t\t\t\t\t\t<img fetchpriority=\"high\" decoding=\"async\" width=\"227\" height=\"295\" src=\"https:\/\/schachclub-nordstad.lu\/wp-content\/uploads\/2023\/12\/local_erpeldange.png\" class=\"attachment-large size-large wp-image-36\" alt=\"\" \/>\t\t\t\t\t\t\t\t\t\t\t\t\t\t\t<\/div>\n\t\t\t\t<\/div>\n\t\t\t\t<\/div>\n\t\t<div class=\"elementor-element elementor-element-f404aca e-con-full e-flex e-con e-child\" data-id=\"f404aca\" data-element_type=\"container\">\n\t\t\t\t<div class=\"elementor-element elementor-element-220e06f elementor-widget elementor-widget-text-editor\" data-id=\"220e06f\" data-element_type=\"widget\" data-widget_type=\"text-editor.default\">\n\t\t\t\t<div class=\"elementor-widget-container\">\n\t\t\t\t\t\t\t\t\t<p><strong>Annexe Birkelt<\/strong><\/p><p>2, rue Abb\u00e9 Kalbersch<\/p><p>L- 9146 Erpeldange<\/p>\t\t\t\t\t\t\t\t<\/div>\n\t\t\t\t<\/div>\n\t\t\t\t<div class=\"elementor-element elementor-element-6b6da9b elementor-shape-rounded elementor-grid-0 e-grid-align-center elementor-widget elementor-widget-social-icons\" data-id=\"6b6da9b\" data-element_type=\"widget\" data-widget_type=\"social-icons.default\">\n\t\t\t\t<div class=\"elementor-widget-container\">\n\t\t\t\t\t\t\t<div class=\"elementor-social-icons-wrapper elementor-grid\" role=\"list\">\n\t\t\t\t\t\t\t<span class=\"elementor-grid-item\" role=\"listitem\">\n\t\t\t\t\t<a class=\"elementor-icon elementor-social-icon elementor-social-icon-envelope elementor-repeater-item-1038b44\" href=\"mailto:nordstadschachklub@gmail.com\" target=\"_blank\">\n\t\t\t\t\t\t<span class=\"elementor-screen-only\">Envelope<\/span>\n\t\t\t\t\t\t<svg class=\"e-font-icon-svg e-fas-envelope\" viewBox=\"0 0 512 512\" xmlns=\"http:\/\/www.w3.org\/2000\/svg\"><path d=\"M502.3 190.8c3.9-3.1 9.7-.2 9.7 4.7V400c0 26.5-21.5 48-48 48H48c-26.5 0-48-21.5-48-48V195.6c0-5 5.7-7.8 9.7-4.7 22.4 17.4 52.1 39.5 154.1 113.6 21.1 15.4 56.7 47.8 92.2 47.6 35.7.3 72-32.8 92.3-47.6 102-74.1 131.6-96.3 154-113.7zM256 320c23.2.4 56.6-29.2 73.4-41.4 132.7-96.3 142.8-104.7 173.4-128.7 5.8-4.5 9.2-11.5 9.2-18.9v-19c0-26.5-21.5-48-48-48H48C21.5 64 0 85.5 0 112v19c0 7.4 3.4 14.3 9.2 18.9 30.6 23.9 40.7 32.4 173.4 128.7 16.8 12.2 50.2 41.8 73.4 41.4z\"><\/path><\/svg>\t\t\t\t\t<\/a>\n\t\t\t\t<\/span>\n\t\t\t\t\t\t\t<span class=\"elementor-grid-item\" role=\"listitem\">\n\t\t\t\t\t<a class=\"elementor-icon elementor-social-icon elementor-social-icon-facebook elementor-repeater-item-8b6985b\" href=\"https:\/\/www.facebook.com\/groups\/2485758214898231\/\" target=\"_blank\">\n\t\t\t\t\t\t<span class=\"elementor-screen-only\">Facebook<\/span>\n\t\t\t\t\t\t<svg class=\"e-font-icon-svg e-fab-facebook\" viewBox=\"0 0 512 512\" xmlns=\"http:\/\/www.w3.org\/2000\/svg\"><path d=\"M504 256C504 119 393 8 256 8S8 119 8 256c0 123.78 90.69 226.38 209.25 245V327.69h-63V256h63v-54.64c0-62.15 37-96.48 93.67-96.48 27.14 0 55.52 4.84 55.52 4.84v61h-31.28c-30.8 0-40.41 19.12-40.41 38.73V256h68.78l-11 71.69h-57.78V501C413.31 482.38 504 379.78 504 256z\"><\/path><\/svg>\t\t\t\t\t<\/a>\n\t\t\t\t<\/span>\n\t\t\t\t\t<\/div>\n\t\t\t\t\t\t<\/div>\n\t\t\t\t<\/div>\n\t\t\t\t<\/div>\n\t\t<div class=\"elementor-element elementor-element-9013693 e-con-full e-flex e-con e-child\" data-id=\"9013693\" data-element_type=\"container\">\n\t\t\t\t<div class=\"elementor-element elementor-element-1071feb elementor-widget elementor-widget-google_maps\" data-id=\"1071feb\" data-element_type=\"widget\" data-widget_type=\"google_maps.default\">\n\t\t\t\t<div class=\"elementor-widget-container\">\n\t\t\t\t\t\t\t<div class=\"elementor-custom-embed\">\n\t\t\t<iframe loading=\"lazy\"\n\t\t\t\t\tsrc=\"https:\/\/maps.google.com\/maps?q=Erpeldange%2C%20rue%20Abbe%20Kalbersch%2C%202&#038;t=m&#038;z=13&#038;output=embed&#038;iwloc=near\"\n\t\t\t\t\ttitle=\"Erpeldange, rue Abbe Kalbersch, 2\"\n\t\t\t\t\taria-label=\"Erpeldange, rue Abbe Kalbersch, 2\"\n\t\t\t><\/iframe>\n\t\t<\/div>\n\t\t\t\t\t\t<\/div>\n\t\t\t\t<\/div>\n\t\t\t\t<\/div>\n\t\t\t\t\t<\/div>\n\t\t\t\t<\/div>\n\t\t<div class=\"elementor-element elementor-element-d6b2d5a e-flex e-con-boxed e-con e-parent\" data-id=\"d6b2d5a\" data-element_type=\"container\">\n\t\t\t\t\t<div class=\"e-con-inner\">\n\t\t\t\t<div class=\"elementor-element elementor-element-485025a elementor-widget elementor-widget-spacer\" data-id=\"485025a\" data-element_type=\"widget\" data-widget_type=\"spacer.default\">\n\t\t\t\t<div class=\"elementor-widget-container\">\n\t\t\t\t\t\t\t<div class=\"elementor-spacer\">\n\t\t\t<div class=\"elementor-spacer-inner\"><\/div>\n\t\t<\/div>\n\t\t\t\t\t\t<\/div>\n\t\t\t\t<\/div>\n\t\t\t\t\t<\/div>\n\t\t\t\t<\/div>\n\t\t<div class=\"elementor-element elementor-element-897e46d e-flex e-con-boxed e-con e-parent\" data-id=\"897e46d\" data-element_type=\"container\">\n\t\t\t\t\t<div class=\"e-con-inner\">\n\t\t\t\t<div class=\"elementor-element elementor-element-a4bf842 elementor-widget elementor-widget-heading\" data-id=\"a4bf842\" data-element_type=\"widget\" data-widget_type=\"heading.default\">\n\t\t\t\t<div class=\"elementor-widget-container\">\n\t\t\t\t\t<h2 class=\"elementor-heading-title elementor-size-default\">Winni ? <\/h2>\t\t\t\t<\/div>\n\t\t\t\t<\/div>\n\t\t\t\t\t<\/div>\n\t\t\t\t<\/div>\n\t\t<div class=\"elementor-element elementor-element-c370666 e-flex e-con-boxed e-con e-parent\" data-id=\"c370666\" data-element_type=\"container\">\n\t\t\t\t\t<div class=\"e-con-inner\">\n\t\t<div class=\"elementor-element elementor-element-a0cbb15 e-con-full e-flex e-con e-child\" data-id=\"a0cbb15\" data-element_type=\"container\">\n\t\t\t\t<div class=\"elementor-element elementor-element-d4da8e9 elementor-widget elementor-widget-image\" data-id=\"d4da8e9\" data-element_type=\"widget\" data-widget_type=\"image.default\">\n\t\t\t\t<div class=\"elementor-widget-container\">\n\t\t\t\t\t\t\t\t\t\t\t\t\t\t\t<img decoding=\"async\" width=\"1024\" height=\"629\" src=\"https:\/\/schachclub-nordstad.lu\/wp-content\/uploads\/2023\/12\/kids1-1024x629.png\" class=\"attachment-large size-large wp-image-52\" alt=\"\" srcset=\"https:\/\/schachclub-nordstad.lu\/wp-content\/uploads\/2023\/12\/kids1-1024x629.png 1024w, https:\/\/schachclub-nordstad.lu\/wp-content\/uploads\/2023\/12\/kids1-300x184.png 300w, https:\/\/schachclub-nordstad.lu\/wp-content\/uploads\/2023\/12\/kids1-768x472.png 768w, https:\/\/schachclub-nordstad.lu\/wp-content\/uploads\/2023\/12\/kids1.png 1234w\" sizes=\"(max-width: 1024px) 100vw, 1024px\" \/>\t\t\t\t\t\t\t\t\t\t\t\t\t\t\t<\/div>\n\t\t\t\t<\/div>\n\t\t\t\t<\/div>\n\t\t<div class=\"elementor-element elementor-element-a710d57 e-con-full e-flex e-con e-child\" data-id=\"a710d57\" data-element_type=\"container\">\n\t\t\t\t<div class=\"elementor-element elementor-element-65e0e18 elementor-widget elementor-widget-image\" data-id=\"65e0e18\" data-element_type=\"widget\" data-widget_type=\"image.default\">\n\t\t\t\t<div class=\"elementor-widget-container\">\n\t\t\t\t\t\t\t\t\t\t\t\t\t\t\t<img decoding=\"async\" width=\"1024\" height=\"682\" src=\"https:\/\/schachclub-nordstad.lu\/wp-content\/uploads\/2023\/12\/youtgh-1024x682.png\" class=\"attachment-large size-large wp-image-53\" alt=\"\" srcset=\"https:\/\/schachclub-nordstad.lu\/wp-content\/uploads\/2023\/12\/youtgh-1024x682.png 1024w, https:\/\/schachclub-nordstad.lu\/wp-content\/uploads\/2023\/12\/youtgh-300x200.png 300w, https:\/\/schachclub-nordstad.lu\/wp-content\/uploads\/2023\/12\/youtgh-768x511.png 768w, https:\/\/schachclub-nordstad.lu\/wp-content\/uploads\/2023\/12\/youtgh.png 1205w\" sizes=\"(max-width: 1024px) 100vw, 1024px\" \/>\t\t\t\t\t\t\t\t\t\t\t\t\t\t\t<\/div>\n\t\t\t\t<\/div>\n\t\t\t\t<\/div>\n\t\t<div class=\"elementor-element elementor-element-8529160 e-con-full e-flex e-con e-child\" data-id=\"8529160\" data-element_type=\"container\">\n\t\t\t\t<div class=\"elementor-element elementor-element-e467a35 elementor-widget elementor-widget-image\" data-id=\"e467a35\" data-element_type=\"widget\" data-widget_type=\"image.default\">\n\t\t\t\t<div class=\"elementor-widget-container\">\n\t\t\t\t\t\t\t\t\t\t\t\t\t\t\t<img loading=\"lazy\" decoding=\"async\" width=\"1024\" height=\"532\" src=\"https:\/\/schachclub-nordstad.lu\/wp-content\/uploads\/2023\/12\/adults2-1024x532.png\" class=\"attachment-large size-large wp-image-54\" alt=\"\" srcset=\"https:\/\/schachclub-nordstad.lu\/wp-content\/uploads\/2023\/12\/adults2-1024x532.png 1024w, https:\/\/schachclub-nordstad.lu\/wp-content\/uploads\/2023\/12\/adults2-300x156.png 300w, https:\/\/schachclub-nordstad.lu\/wp-content\/uploads\/2023\/12\/adults2-768x399.png 768w, https:\/\/schachclub-nordstad.lu\/wp-content\/uploads\/2023\/12\/adults2.png 1389w\" sizes=\"(max-width: 1024px) 100vw, 1024px\" \/>\t\t\t\t\t\t\t\t\t\t\t\t\t\t\t<\/div>\n\t\t\t\t<\/div>\n\t\t\t\t<\/div>\n\t\t<div class=\"elementor-element elementor-element-4fa2d6a e-con-full e-flex e-con e-child\" data-id=\"4fa2d6a\" data-element_type=\"container\">\n\t\t\t\t<div class=\"elementor-element elementor-element-fd9f7dc elementor-widget elementor-widget-text-editor\" data-id=\"fd9f7dc\" data-element_type=\"widget\" data-widget_type=\"text-editor.default\">\n\t\t\t\t<div class=\"elementor-widget-container\">\n\t\t\t\t\t\t\t\t\t<p><strong>Kanner<\/strong><\/p><p>Samschdeg ab 10 Auer 15<\/p>\t\t\t\t\t\t\t\t<\/div>\n\t\t\t\t<\/div>\n\t\t\t\t<\/div>\n\t\t<div class=\"elementor-element elementor-element-a1d28cf e-con-full e-flex e-con e-child\" data-id=\"a1d28cf\" data-element_type=\"container\">\n\t\t\t\t<div class=\"elementor-element elementor-element-a5cf38f elementor-widget elementor-widget-text-editor\" data-id=\"a5cf38f\" data-element_type=\"widget\" data-widget_type=\"text-editor.default\">\n\t\t\t\t<div class=\"elementor-widget-container\">\n\t\t\t\t\t\t\t\t\t<p><strong>Jugendlecher<\/strong><\/p><p>Densdeg ab 18 Auer 30<\/p>\t\t\t\t\t\t\t\t<\/div>\n\t\t\t\t<\/div>\n\t\t\t\t<\/div>\n\t\t<div class=\"elementor-element elementor-element-bbb80f5 e-con-full e-flex e-con e-child\" data-id=\"bbb80f5\" data-element_type=\"container\">\n\t\t\t\t<div class=\"elementor-element elementor-element-a3494eb elementor-widget elementor-widget-text-editor\" data-id=\"a3494eb\" data-element_type=\"widget\" data-widget_type=\"text-editor.default\">\n\t\t\t\t<div class=\"elementor-widget-container\">\n\t\t\t\t\t\t\t\t\t<p><strong>Erwuechsener<\/strong><\/p><p>Densdeg ab 20 Auer<\/p>\t\t\t\t\t\t\t\t<\/div>\n\t\t\t\t<\/div>\n\t\t\t\t<\/div>\n\t\t\t\t\t<\/div>\n\t\t\t\t<\/div>\n\t\t<div class=\"elementor-element elementor-element-f643fc4 e-flex e-con-boxed e-con e-parent\" data-id=\"f643fc4\" data-element_type=\"container\">\n\t\t\t\t\t<div class=\"e-con-inner\">\n\t\t\t\t<div class=\"elementor-element elementor-element-c0d6f5a elementor-widget elementor-widget-spacer\" data-id=\"c0d6f5a\" data-element_type=\"widget\" data-widget_type=\"spacer.default\">\n\t\t\t\t<div class=\"elementor-widget-container\">\n\t\t\t\t\t\t\t<div class=\"elementor-spacer\">\n\t\t\t<div class=\"elementor-spacer-inner\"><\/div>\n\t\t<\/div>\n\t\t\t\t\t\t<\/div>\n\t\t\t\t<\/div>\n\t\t\t\t\t<\/div>\n\t\t\t\t<\/div>\n\t\t\t\t<\/div>\n\t\t","protected":false},"excerpt":{"rendered":"<p>Du w\u00eblls Schach spillen ? Mir fre\u00ebn ons op dech &#8230; Wou ? Annexe Birkelt 2, rue Abb\u00e9 Kalbersch L- 9146 Erpeldange Envelope Facebook Winni ? Kanner Samschdeg ab 10&hellip;<\/p>\n","protected":false},"author":1,"featured_media":0,"parent":0,"menu_order":0,"comment_status":"closed","ping_status":"closed","template":"page-templates\/template-sinatra-fullwidth.php","meta":{"ngg_post_thumbnail":0,"footnotes":""},"_links":{"self":[{"href":"https:\/\/schachclub-nordstad.lu\/index.php?rest_route=\/wp\/v2\/pages\/26"}],"collection":[{"href":"https:\/\/schachclub-nordstad.lu\/index.php?rest_route=\/wp\/v2\/pages"}],"about":[{"href":"https:\/\/schachclub-nordstad.lu\/index.php?rest_route=\/wp\/v2\/types\/page"}],"author":[{"embeddable":true,"href":"https:\/\/schachclub-nordstad.lu\/index.php?rest_route=\/wp\/v2\/users\/1"}],"replies":[{"embeddable":true,"href":"https:\/\/schachclub-nordstad.lu\/index.php?rest_route=%2Fwp%2Fv2%2Fcomments&post=26"}],"version-history":[{"count":52,"href":"https:\/\/schachclub-nordstad.lu\/index.php?rest_route=\/wp\/v2\/pages\/26\/revisions"}],"predecessor-version":[{"id":92,"href":"https:\/\/schachclub-nordstad.lu\/index.php?rest_route=\/wp\/v2\/pages\/26\/revisions\/92"}],"wp:attachment":[{"href":"https:\/\/schachclub-nordstad.lu\/index.php?rest_route=%2Fwp%2Fv2%2Fmedia&parent=26"}],"curies":[{"name":"wp","href":"https:\/\/api.w.org\/{rel}","templated":true}]}}